{"id":6742,"date":"2025-07-21T12:57:28","date_gmt":"2025-07-21T15:57:28","guid":{"rendered":"https:\/\/danidrea.com.br\/catalogos\/catalogo-on-road-2\/"},"modified":"2026-03-16T13:42:06","modified_gmt":"2026-03-16T16:42:06","slug":"catalogo-on-road-2","status":"publish","type":"page","link":"https:\/\/danidrea.com.br\/es\/catalogos\/catalogo-on-road-2\/","title":{"rendered":"Cat\u00e1logo OFF Road"},"content":{"rendered":"<p>&nbsp;<\/p>\r\n<div class=\"vce-row-container\" data-vce-boxed-width=\"true\">\r\n<div id=\"el-17061e94\" class=\"vce-row vce-row--col-gap-30 vce-row-equal-height vce-row-content--top\" data-vce-do-apply=\"all el-17061e94\">\r\n<div class=\"vce-row-content\" data-vce-element-content=\"true\">\r\n<div id=\"el-e9065766\" class=\"vce-col vce-col--md-auto vce-col--xs-1 vce-col--xs-last vce-col--xs-first vce-col--sm-last vce-col--sm-first vce-col--md-first vce-col--lg-first vce-col--xl-first\">\r\n<div class=\"vce-col-inner\" data-vce-do-apply=\"border margin background  el-e9065766\">\r\n<div class=\"vce-col-content\" data-vce-element-content=\"true\" data-vce-do-apply=\"padding el-e9065766\">\r\n<div class=\"vce-single-image-container vce-single-image--align-center\">\r\n<div id=\"el-81068e0f\" class=\"vce vce-single-image-wrapper\" data-vce-do-apply=\"all el-81068e0f\">\r\n<figure><img decoding=\"async\" class=\"wp-image-2970  alignleft lazyload\" data-src=\"http:\/\/danidrea.com.br\/wp-content\/uploads\/2025\/08\/CAPA-CATALOGO-INT2025-SITE-DANIDREA.jpg\" alt=\"\" width=\"431\" height=\"610\" src=\"data:image\/svg+xml;base64,PHN2ZyB3aWR0aD0iMSIgaGVpZ2h0PSIxIiB4bWxucz0iaHR0cDovL3d3dy53My5vcmcvMjAwMC9zdmciPjwvc3ZnPg==\" style=\"--smush-placeholder-width: 431px; --smush-placeholder-aspect-ratio: 431\/610;\" \/><br \/>\r\n<figcaption hidden=\"\"><\/figcaption>\r\n<\/figure>\r\n<\/div>\r\n<\/div>\r\n<\/div>\r\n<\/div>\r\n<\/div>\r\n\r\n<div id=\"el-ec9436d2\" class=\"vce-col vce-col--md-auto vce-col--xs-1 vce-col--xs-last vce-col--xs-first vce-col--sm-last vce-col--sm-first vce-col--md-last vce-col--lg-last vce-col--xl-last\">\r\n<div class=\"vce-col-inner\" data-vce-do-apply=\"border margin background  el-ec9436d2\">\r\n<div class=\"vce-col-content\" data-vce-element-content=\"true\" data-vce-do-apply=\"padding el-ec9436d2\">\r\n<div class=\"vce-text-block\">\r\n<div id=\"el-3b7f5527\" class=\"vce-text-block-wrapper vce\" data-vce-do-apply=\"all el-3b7f5527\">\r\n<h2 style=\"text-align: center;\">Cat\u00e1logo Off Road 2026<\/h2>\r\n<p style=\"text-align: center;\">Baixe nosso cat\u00e1logo clicando no bot\u00e3o abaixo:<\/p>\r\n<\/div>\r\n<\/div>\r\n\r\n<div class=\"vce-button--style-outline-container vce-button--style-outline-container--align-center\" style=\"text-align: center;\"><span id=\"el-b338363a\" class=\"vce-button--style-outline-wrapper vce\" data-vce-do-apply=\"margin el-b338363a\"><a class=\"vce-button vce-button--style-outline-animated vce-button--style-outline--border-square vce-button--style-outline--size-medium vce-button--style-outline-animated--color-e3e3e3--fff--3d3d3d vce-button--style-outline-animated--border-color-e3e3e3--3d3d3d vce-button--style-outline-animated--background-color-3d3d3d\" title=\"Danidrea Off Road\" href=\"http:\/\/danidrea.com.br\/wp-content\/uploads\/2026\/03\/CAT-OFFROAD-INTERNATIONAL-2026-FINAL-WEB.pdf\" target=\"_blank\" rel=\"noopener\" data-vce-do-apply=\"padding border background  el-b338363a\"><span class=\"vce-button--style-outline-text\">Baixar Cat\u00e1logo<\/span><\/a><\/span><\/div>\r\n<\/div>\r\n<\/div>\r\n<\/div>\r\n<\/div>\r\n<\/div>\r\n<\/div>\r\n\r\n<div class=\"vce-row-container\" data-vce-boxed-width=\"true\">\r\n<div id=\"el-57f87ffc\" class=\"vce-row vce-row--col-gap-30 vce-row-equal-height vce-row-content--top\" data-vce-do-apply=\"all el-57f87ffc\">\r\n<div class=\"vce-row-content\" data-vce-element-content=\"true\">\r\n<div id=\"el-884c6f0f\" class=\"vce-col vce-col--md-auto vce-col--xs-1 vce-col--xs-last vce-col--xs-first vce-col--sm-last vce-col--sm-first vce-col--md-last vce-col--lg-last vce-col--xl-last vce-col--md-first vce-col--lg-first vce-col--xl-first\">\r\n<div class=\"vce-col-inner\" data-vce-do-apply=\"border margin background  el-884c6f0f\">\r\n<div class=\"vce-col-content\" data-vce-element-content=\"true\" data-vce-do-apply=\"padding el-884c6f0f\">\r\n<div class=\"vcv-row-control-wrapper\">\u00a0<\/div>\r\n<\/div>\r\n<\/div>\r\n<\/div>\r\n<\/div>\r\n<\/div>\r\n<\/div>\r\n\r\n<div class=\"vce-row-container\" data-vce-boxed-width=\"true\">\r\n<div id=\"el-2c78dc0c\" class=\"vce-row vce-row--col-gap-30 vce-row-equal-height vce-row-content--top\" data-vce-do-apply=\"all el-2c78dc0c\">\r\n<div class=\"vce-row-content\" data-vce-element-content=\"true\">\r\n<div id=\"el-a5fce081\" class=\"vce-col vce-col--md-auto vce-col--xs-1 vce-col--xs-last vce-col--xs-first vce-col--sm-last vce-col--sm-first vce-col--md-last vce-col--lg-last vce-col--xl-last vce-col--md-first vce-col--lg-first vce-col--xl-first\">\r\n<div class=\"vce-col-inner\" data-vce-do-apply=\"border margin background  el-a5fce081\">\r\n<div class=\"vce-col-content\" data-vce-element-content=\"true\" data-vce-do-apply=\"padding el-a5fce081\">\r\n<div class=\"vcv-row-control-wrapper\">\u00a0<\/div>\r\n<\/div>\r\n<\/div>\r\n<\/div>\r\n<\/div>\r\n<\/div>\r\n<\/div>\r\n<!--vcv no format-->","protected":false},"excerpt":{"rendered":"<p>&nbsp; Cat\u00e1logo Off Road 2026 Baixe nosso cat\u00e1logo clicando no bot\u00e3o abaixo: Baixar Cat\u00e1logo<\/p>\n","protected":false},"author":2,"featured_media":0,"parent":5015,"menu_order":0,"comment_status":"closed","ping_status":"closed","template":"","meta":{"om_disable_all_campaigns":false,"_monsterinsights_skip_tracking":false,"_monsterinsights_sitenote_active":false,"_monsterinsights_sitenote_note":"","_monsterinsights_sitenote_category":0,"footnotes":""},"class_list":["post-6742","page","type-page","status-publish","hentry"],"aioseo_notices":[],"_links":{"self":[{"href":"https:\/\/danidrea.com.br\/es\/wp-json\/wp\/v2\/pages\/6742","targetHints":{"allow":["GET"]}}],"collection":[{"href":"https:\/\/danidrea.com.br\/es\/wp-json\/wp\/v2\/pages"}],"about":[{"href":"https:\/\/danidrea.com.br\/es\/wp-json\/wp\/v2\/types\/page"}],"author":[{"embeddable":true,"href":"https:\/\/danidrea.com.br\/es\/wp-json\/wp\/v2\/users\/2"}],"replies":[{"embeddable":true,"href":"https:\/\/danidrea.com.br\/es\/wp-json\/wp\/v2\/comments?post=6742"}],"version-history":[{"count":21,"href":"https:\/\/danidrea.com.br\/es\/wp-json\/wp\/v2\/pages\/6742\/revisions"}],"predecessor-version":[{"id":7487,"href":"https:\/\/danidrea.com.br\/es\/wp-json\/wp\/v2\/pages\/6742\/revisions\/7487"}],"up":[{"embeddable":true,"href":"https:\/\/danidrea.com.br\/es\/wp-json\/wp\/v2\/pages\/5015"}],"wp:attachment":[{"href":"https:\/\/danidrea.com.br\/es\/wp-json\/wp\/v2\/media?parent=6742"}],"curies":[{"name":"wp","href":"https:\/\/api.w.org\/{rel}","templated":true}]}}