{"id":5212,"date":"2024-03-11T14:56:01","date_gmt":"2024-03-11T17:56:01","guid":{"rendered":"https:\/\/danidrea.com.br\/catalogs\/on-road-catalog\/"},"modified":"2025-09-29T09:26:44","modified_gmt":"2025-09-29T12:26:44","slug":"on-road-catalog","status":"publish","type":"page","link":"http:\/\/danidrea.com.br\/en\/catalogs\/on-road-catalog\/","title":{"rendered":"ON Road Catalog"},"content":{"rendered":"<p><\/p>\r\n<p>&nbsp;<\/p>\r\n<div class=\"vce-row-container\" data-vce-boxed-width=\"true\">\r\n<div id=\"el-17061e94\" class=\"vce-row vce-row--col-gap-30 vce-row-equal-height vce-row-content--top\" data-vce-do-apply=\"all el-17061e94\">\r\n<div class=\"vce-row-content\" data-vce-element-content=\"true\">\r\n<div id=\"el-e9065766\" class=\"vce-col vce-col--md-auto vce-col--xs-1 vce-col--xs-last vce-col--xs-first vce-col--sm-last vce-col--sm-first vce-col--md-first vce-col--lg-first vce-col--xl-first\">\r\n<div class=\"vce-col-inner\" data-vce-do-apply=\"border margin background  el-e9065766\">\r\n<div class=\"vce-col-content\" data-vce-element-content=\"true\" data-vce-do-apply=\"padding el-e9065766\">\r\n<div class=\"vce-single-image-container vce-single-image--align-center\">\r\n<div id=\"el-81068e0f\" class=\"vce vce-single-image-wrapper\" data-vce-do-apply=\"all el-81068e0f\">\r\n<figure><img decoding=\"async\" class=\"wp-image-6700 alignleft lazyload\" data-src=\"http:\/\/danidrea.com.br\/wp-content\/uploads\/2025\/07\/Capa-03-scaled.jpg\" alt=\"\" width=\"499\" height=\"679\" data-srcset=\"http:\/\/danidrea.com.br\/wp-content\/uploads\/2025\/07\/Capa-03-scaled.jpg 1881w, http:\/\/danidrea.com.br\/wp-content\/uploads\/2025\/07\/Capa-03-220x300.jpg 220w, http:\/\/danidrea.com.br\/wp-content\/uploads\/2025\/07\/Capa-03-752x1024.jpg 752w, http:\/\/danidrea.com.br\/wp-content\/uploads\/2025\/07\/Capa-03-768x1045.jpg 768w, http:\/\/danidrea.com.br\/wp-content\/uploads\/2025\/07\/Capa-03-1129x1536.jpg 1129w, http:\/\/danidrea.com.br\/wp-content\/uploads\/2025\/07\/Capa-03-1505x2048.jpg 1505w, http:\/\/danidrea.com.br\/wp-content\/uploads\/2025\/07\/Capa-03-320x436.jpg 320w, http:\/\/danidrea.com.br\/wp-content\/uploads\/2025\/07\/Capa-03-480x653.jpg 480w, http:\/\/danidrea.com.br\/wp-content\/uploads\/2025\/07\/Capa-03-800x1089.jpg 800w\" data-sizes=\"(max-width: 499px) 100vw, 499px\" src=\"data:image\/svg+xml;base64,PHN2ZyB3aWR0aD0iMSIgaGVpZ2h0PSIxIiB4bWxucz0iaHR0cDovL3d3dy53My5vcmcvMjAwMC9zdmciPjwvc3ZnPg==\" style=\"--smush-placeholder-width: 499px; --smush-placeholder-aspect-ratio: 499\/679;\" \/><br \/>\r\n<figcaption hidden=\"\"><\/figcaption>\r\n<\/figure>\r\n<\/div>\r\n<\/div>\r\n<\/div>\r\n<\/div>\r\n<\/div>\r\n\r\n<div id=\"el-ec9436d2\" class=\"vce-col vce-col--md-auto vce-col--xs-1 vce-col--xs-last vce-col--xs-first vce-col--sm-last vce-col--sm-first vce-col--md-last vce-col--lg-last vce-col--xl-last\">\r\n<div class=\"vce-col-inner\" data-vce-do-apply=\"border margin background  el-ec9436d2\">\r\n<div class=\"vce-col-content\" data-vce-element-content=\"true\" data-vce-do-apply=\"padding el-ec9436d2\">\r\n<div class=\"vce-text-block\">\r\n<div id=\"el-3b7f5527\" class=\"vce-text-block-wrapper vce\" data-vce-do-apply=\"all el-3b7f5527\">\r\n<h2 style=\"text-align: center;\">DANIDREA em Revista<\/h2>\r\n<p style=\"text-align: center;\">Baixe nosso cat\u00e1logo clicando no bot\u00e3o abaixo:<\/p>\r\n<\/div>\r\n<\/div>\r\n\r\n<div class=\"vce-button--style-outline-container vce-button--style-outline-container--align-center\" style=\"text-align: center;\"><span id=\"el-b338363a\" class=\"vce-button--style-outline-wrapper vce\" data-vce-do-apply=\"margin el-b338363a\"><a class=\"vce-button vce-button--style-outline-animated vce-button--style-outline--border-square vce-button--style-outline--size-medium vce-button--style-outline-animated--color-e3e3e3--fff--3d3d3d vce-button--style-outline-animated--border-color-e3e3e3--3d3d3d vce-button--style-outline-animated--background-color-3d3d3d\" title=\"Danidrea em Revista Ed.23\" href=\"http:\/\/danidrea.com.br\/wp-content\/uploads\/2025\/07\/Revista23_SP2025-FINAL-WEB.pdf\" target=\"_blank\" rel=\"noopener\" data-vce-do-apply=\"padding border background  el-b338363a\"><span class=\"vce-button--style-outline-text\">Baixar Cat\u00e1logo<\/span><\/a><\/span><\/div>\r\n<\/div>\r\n<\/div>\r\n<\/div>\r\n<\/div>\r\n<\/div>\r\n<\/div>\r\n\r\n<div class=\"vce-row-container\" data-vce-boxed-width=\"true\">\r\n<div id=\"el-57f87ffc\" class=\"vce-row vce-row--col-gap-30 vce-row-equal-height vce-row-content--top\" data-vce-do-apply=\"all el-57f87ffc\">\r\n<div class=\"vce-row-content\" data-vce-element-content=\"true\">\r\n<div id=\"el-884c6f0f\" class=\"vce-col vce-col--md-auto vce-col--xs-1 vce-col--xs-last vce-col--xs-first vce-col--sm-last vce-col--sm-first vce-col--md-last vce-col--lg-last vce-col--xl-last vce-col--md-first vce-col--lg-first vce-col--xl-first\">\r\n<div class=\"vce-col-inner\" data-vce-do-apply=\"border margin background  el-884c6f0f\">\r\n<div class=\"vce-col-content\" data-vce-element-content=\"true\" data-vce-do-apply=\"padding el-884c6f0f\">\r\n<div class=\"vcv-row-control-wrapper\">\u00a0<\/div>\r\n<\/div>\r\n<\/div>\r\n<\/div>\r\n<\/div>\r\n<\/div>\r\n<\/div>\r\n\r\n<div class=\"vce-row-container\" data-vce-boxed-width=\"true\">\r\n<div id=\"el-2c78dc0c\" class=\"vce-row vce-row--col-gap-30 vce-row-equal-height vce-row-content--top\" data-vce-do-apply=\"all el-2c78dc0c\">\r\n<div class=\"vce-row-content\" data-vce-element-content=\"true\">\r\n<div id=\"el-a5fce081\" class=\"vce-col vce-col--md-auto vce-col--xs-1 vce-col--xs-last vce-col--xs-first vce-col--sm-last vce-col--sm-first vce-col--md-last vce-col--lg-last vce-col--xl-last vce-col--md-first vce-col--lg-first vce-col--xl-first\">\r\n<div class=\"vce-col-inner\" data-vce-do-apply=\"border margin background  el-a5fce081\">\r\n<div class=\"vce-col-content\" data-vce-element-content=\"true\" data-vce-do-apply=\"padding el-a5fce081\">\r\n<div class=\"vcv-row-control-wrapper\">\u00a0<\/div>\r\n<\/div>\r\n<\/div>\r\n<\/div>\r\n<\/div>\r\n<\/div>\r\n<\/div>\r\n","protected":false},"excerpt":{"rendered":"<p>&nbsp; DANIDREA em Revista Baixe nosso cat\u00e1logo clicando no bot\u00e3o abaixo: Baixar Cat\u00e1logo<\/p>\n","protected":false},"author":1,"featured_media":0,"parent":5016,"menu_order":0,"comment_status":"closed","ping_status":"closed","template":"","meta":{"om_disable_all_campaigns":false,"_monsterinsights_skip_tracking":false,"_monsterinsights_sitenote_active":false,"_monsterinsights_sitenote_note":"","_monsterinsights_sitenote_category":0,"footnotes":""},"class_list":["post-5212","page","type-page","status-publish","hentry"],"aioseo_notices":[],"_links":{"self":[{"href":"http:\/\/danidrea.com.br\/en\/wp-json\/wp\/v2\/pages\/5212","targetHints":{"allow":["GET"]}}],"collection":[{"href":"http:\/\/danidrea.com.br\/en\/wp-json\/wp\/v2\/pages"}],"about":[{"href":"http:\/\/danidrea.com.br\/en\/wp-json\/wp\/v2\/types\/page"}],"author":[{"embeddable":true,"href":"http:\/\/danidrea.com.br\/en\/wp-json\/wp\/v2\/users\/1"}],"replies":[{"embeddable":true,"href":"http:\/\/danidrea.com.br\/en\/wp-json\/wp\/v2\/comments?post=5212"}],"version-history":[{"count":7,"href":"http:\/\/danidrea.com.br\/en\/wp-json\/wp\/v2\/pages\/5212\/revisions"}],"predecessor-version":[{"id":6997,"href":"http:\/\/danidrea.com.br\/en\/wp-json\/wp\/v2\/pages\/5212\/revisions\/6997"}],"up":[{"embeddable":true,"href":"http:\/\/danidrea.com.br\/en\/wp-json\/wp\/v2\/pages\/5016"}],"wp:attachment":[{"href":"http:\/\/danidrea.com.br\/en\/wp-json\/wp\/v2\/media?parent=5212"}],"curies":[{"name":"wp","href":"https:\/\/api.w.org\/{rel}","templated":true}]}}